{"id":1211,"date":"2023-11-13T13:37:16","date_gmt":"2023-11-13T13:37:16","guid":{"rendered":"https:\/\/hanin.org.ar\/?page_id=1211"},"modified":"2024-08-23T16:37:18","modified_gmt":"2024-08-23T19:37:18","slug":"landing","status":"publish","type":"page","link":"https:\/\/hanin.org.ar\/","title":{"rendered":"landing"},"content":{"rendered":"\t\t<div data-elementor-type=\"wp-page\" data-elementor-id=\"1211\" class=\"elementor elementor-1211\">\n\t\t\t\t<div class=\"elementor-element elementor-element-4ceac42 e-con-full e-flex wpr-particle-no wpr-jarallax-no wpr-parallax-no wpr-sticky-section-no e-con e-parent\" data-id=\"4ceac42\" data-element_type=\"container\" data-settings=\"{&quot;background_background&quot;:&quot;classic&quot;}\">\n\t\t\t\t<div class=\"elementor-element elementor-element-2891ebd exad-sticky-section-no exad-glass-effect-no elementor-widget elementor-widget-image\" data-id=\"2891ebd\" data-element_type=\"widget\" data-widget_type=\"image.default\">\n\t\t\t\t<div class=\"elementor-widget-container\">\n\t\t\t\t\t\t\t\t\t\t\t\t\t\t\t\t<a href=\"https:\/\/hanin.org.ar\/\">\n\t\t\t\t\t\t\t<img decoding=\"async\" src=\"https:\/\/hanin.org.ar\/wp-content\/uploads\/elementor\/thumbs\/Diseno_sin_titulo__50_-removebg-preview-qf5m4vqpfdq686g86w0tv0b48y86mj9xqzcwc9dwu0.png\" title=\"Dise\u00f1o_sin_t\u00edtulo__50_-removebg-preview\" alt=\"Dise\u00f1o_sin_t\u00edtulo__50_-removebg-preview\" loading=\"lazy\" \/>\t\t\t\t\t\t\t\t<\/a>\n\t\t\t\t\t\t\t\t\t\t\t\t\t\t\t<\/div>\n\t\t\t\t<\/div>\n\t\t\t\t<\/div>\n\t\t<div class=\"elementor-element elementor-element-0e58a0b e-con-full elementor-hidden-tablet e-flex wpr-particle-no wpr-jarallax-no wpr-parallax-no wpr-sticky-section-no e-con e-parent\" data-id=\"0e58a0b\" data-element_type=\"container\" data-settings=\"{&quot;background_background&quot;:&quot;classic&quot;}\">\n\t\t\t\t<div class=\"elementor-element elementor-element-ba68848 exad-sticky-section-no exad-glass-effect-no elementor-widget elementor-widget-heading\" data-id=\"ba68848\" data-element_type=\"widget\" data-widget_type=\"heading.default\">\n\t\t\t\t<div class=\"elementor-widget-container\">\n\t\t\t\t\t<h6 class=\"elementor-heading-title elementor-size-default\">Toda la informaci\u00f3n de la comunidad coreana en Argentina<\/h6>\t\t\t\t<\/div>\n\t\t\t\t<\/div>\n\t\t\t\t<\/div>\n\t\t<div class=\"elementor-element elementor-element-4cda983 e-con-full no-lazy e-flex wpr-particle-no wpr-jarallax-no wpr-parallax-no wpr-sticky-section-no e-con e-parent\" data-id=\"4cda983\" data-element_type=\"container\">\n\t\t\t\t<div class=\"elementor-element elementor-element-22287ac elementor-widget-mobile__width-inherit elementor-widget__width-initial no-lazy exad-sticky-section-no exad-glass-effect-no elementor-widget elementor-widget-premium-addon-banner\" data-id=\"22287ac\" data-element_type=\"widget\" data-widget_type=\"premium-addon-banner.default\">\n\t\t\t\t<div class=\"elementor-widget-container\">\n\t\t\t\t\t\t\t<div class=\"premium-banner-ib premium-banner-min-height premium-banner-animation10 none\">\n\t\t\t\t\t\t\t\t\t\t<img fetchpriority=\"high\" decoding=\"async\" width=\"1804\" height=\"2256\" src=\"https:\/\/hanin.org.ar\/wp-content\/uploads\/2024\/07\/haninbannerVERTICAL-1.jpg\" class=\"attachment-full size-full wp-image-4048\" alt=\"\" srcset=\"https:\/\/hanin.org.ar\/wp-content\/uploads\/2024\/07\/haninbannerVERTICAL-1.jpg 1804w, https:\/\/hanin.org.ar\/wp-content\/uploads\/2024\/07\/haninbannerVERTICAL-1-240x300.jpg 240w, https:\/\/hanin.org.ar\/wp-content\/uploads\/2024\/07\/haninbannerVERTICAL-1-819x1024.jpg 819w, https:\/\/hanin.org.ar\/wp-content\/uploads\/2024\/07\/haninbannerVERTICAL-1-768x960.jpg 768w, https:\/\/hanin.org.ar\/wp-content\/uploads\/2024\/07\/haninbannerVERTICAL-1-1228x1536.jpg 1228w, https:\/\/hanin.org.ar\/wp-content\/uploads\/2024\/07\/haninbannerVERTICAL-1-1638x2048.jpg 1638w\" sizes=\"(max-width: 1804px) 100vw, 1804px\" \/>\t\t\t\t\t\t\t\t\t<div class=\"premium-banner-ib-desc\">\n\t\t\t\t\t\t\t\t\t<h1 class=\"premium-banner-ib-title premium_banner_title\">Cultura y Eventos<\/h1>\t\t\t\t\t\t<div class=\"premium-banner-ib-content premium_banner_content\">\n\t\t\t\t\t\t\t<h3><span style=\"color: #ffffff;\" fetchpriority=\"high\">Informaci\u00f3n y eventos sobre la cultura coreana en Argentina<\/span><\/h3>\n<h4><span style=\"color: #ffffff;\"><strong><span style=\"text-decoration: underline;\">Ingrese aqu\u00ed<\/span><\/strong><\/span><\/h4>\t\t\t\t\t\t<\/div>\n\t\t\t\t\t\t\t\t\t\t\t\t\t\t\t\t\t<\/div>\n\t\t\t\t\t\t\t<a href=\"https:\/\/hanin.org.ar\/?page_id=1005\" class=\"premium-banner-ib-link\"><\/a>\n\t\t\t\t\t<\/div>\n\n\t\t\t\t\t\t<\/div>\n\t\t\t\t<\/div>\n\t\t\t\t<div class=\"elementor-element elementor-element-eeab1ea elementor-widget-mobile__width-inherit elementor-widget__width-initial no-lazy exad-sticky-section-no exad-glass-effect-no elementor-widget elementor-widget-premium-addon-banner\" data-id=\"eeab1ea\" data-element_type=\"widget\" data-widget_type=\"premium-addon-banner.default\">\n\t\t\t\t<div class=\"elementor-widget-container\">\n\t\t\t\t\t\t\t<div class=\"premium-banner-ib premium-banner-min-height premium-banner-animation10 none\">\n\t\t\t\t\t\t\t\t\t\t<img decoding=\"async\" width=\"356\" height=\"445\" src=\"https:\/\/hanin.org.ar\/wp-content\/uploads\/2024\/07\/COREAvertical-1.jpg\" class=\"attachment-full size-full wp-image-4115\" alt=\"\" srcset=\"https:\/\/hanin.org.ar\/wp-content\/uploads\/2024\/07\/COREAvertical-1.jpg 356w, https:\/\/hanin.org.ar\/wp-content\/uploads\/2024\/07\/COREAvertical-1-240x300.jpg 240w\" sizes=\"(max-width: 356px) 100vw, 356px\" \/>\t\t\t\t\t\t\t\t\t<div class=\"premium-banner-ib-desc\">\n\t\t\t\t\t\t\t\t\t<h1 class=\"premium-banner-ib-title premium_banner_title\">\uad50\ubbfc \uc18c\uc2dd<\/h1>\t\t\t\t\t\t<div class=\"premium-banner-ib-content premium_banner_content\">\n\t\t\t\t\t\t\t<h3><span style=\"color: #ffffff;\" fetchpriority=\"high\"><strong>\uc544\ub974\ud5e8\ud2f0\ub098 \ud55c\uc778 \uc0ac\ud68c\uc758 \ub300\ud55c \uc815\ubcf4<\/strong><\/span><\/h3>\n<h3><span style=\"text-decoration: underline; color: #ffffff;\"><strong>\uc5ec\uae30\ub97c \ub20c\ub7ec\ubcf4\uc138\uc694<\/strong><\/span><\/h3>\t\t\t\t\t\t<\/div>\n\t\t\t\t\t\t\t\t\t\t\t\t\t\t\t\t\t<\/div>\n\t\t\t\t\t\t\t<a href=\"https:\/\/hanin.org.ar\/?page_id=1858\" class=\"premium-banner-ib-link\"><\/a>\n\t\t\t\t\t<\/div>\n\n\t\t\t\t\t\t<\/div>\n\t\t\t\t<\/div>\n\t\t\t\t<\/div>\n\t\t<div class=\"elementor-element elementor-element-08a1704 e-flex e-con-boxed wpr-particle-no wpr-jarallax-no wpr-parallax-no wpr-sticky-section-no e-con e-parent\" data-id=\"08a1704\" data-element_type=\"container\">\n\t\t\t\t\t<div class=\"e-con-inner\">\n\t\t\t\t<div class=\"elementor-element elementor-element-0209a37 exad-sticky-section-no exad-glass-effect-no elementor-widget elementor-widget-spacer\" data-id=\"0209a37\" data-element_type=\"widget\" data-widget_type=\"spacer.default\">\n\t\t\t\t<div class=\"elementor-widget-container\">\n\t\t\t\t\t\t\t<div class=\"elementor-spacer\">\n\t\t\t<div class=\"elementor-spacer-inner\"><\/div>\n\t\t<\/div>\n\t\t\t\t\t\t<\/div>\n\t\t\t\t<\/div>\n\t\t\t\t\t<\/div>\n\t\t\t\t<\/div>\n\t\t<div class=\"elementor-element elementor-element-bfd5976 e-con-full e-flex wpr-particle-no wpr-jarallax-no wpr-parallax-no wpr-sticky-section-no e-con e-parent\" data-id=\"bfd5976\" data-element_type=\"container\">\n\t\t\t\t<div class=\"elementor-element elementor-element-222d599 exad-sticky-section-no exad-glass-effect-no elementor-widget elementor-widget-heading\" data-id=\"222d599\" data-element_type=\"widget\" data-widget_type=\"heading.default\">\n\t\t\t\t<div class=\"elementor-widget-container\">\n\t\t\t\t\t<h2 class=\"elementor-heading-title elementor-size-default\">Para m\u00e1s informaci\u00f3n seguinos en nuestras redes sociales<\/h2>\t\t\t\t<\/div>\n\t\t\t\t<\/div>\n\t\t\t\t<div class=\"elementor-element elementor-element-f64db74 elementor-widget__width-inherit elementor-shape-rounded elementor-grid-0 e-grid-align-center exad-sticky-section-no exad-glass-effect-no elementor-widget elementor-widget-social-icons\" data-id=\"f64db74\" data-element_type=\"widget\" data-widget_type=\"social-icons.default\">\n\t\t\t\t<div class=\"elementor-widget-container\">\n\t\t\t\t\t\t\t<div class=\"elementor-social-icons-wrapper elementor-grid\" role=\"list\">\n\t\t\t\t\t\t\t<span class=\"elementor-grid-item\" role=\"listitem\">\n\t\t\t\t\t<a class=\"elementor-icon elementor-social-icon elementor-social-icon-facebook elementor-animation-grow elementor-repeater-item-e0e4433\" href=\"https:\/\/www.facebook.com\/ackorarg\/?locale=es_LA\" target=\"_blank\">\n\t\t\t\t\t\t<span class=\"elementor-screen-only\">Facebook<\/span>\n\t\t\t\t\t\t<i aria-hidden=\"true\" class=\"fab fa-facebook\"><\/i>\t\t\t\t\t<\/a>\n\t\t\t\t<\/span>\n\t\t\t\t\t\t\t<span class=\"elementor-grid-item\" role=\"listitem\">\n\t\t\t\t\t<a class=\"elementor-icon elementor-social-icon elementor-social-icon-instagram elementor-animation-grow elementor-repeater-item-f1ec35d\" href=\"https:\/\/www.instagram.com\/hanin.arg\/\" target=\"_blank\">\n\t\t\t\t\t\t<span class=\"elementor-screen-only\">Instagram<\/span>\n\t\t\t\t\t\t<i aria-hidden=\"true\" class=\"fab fa-instagram\"><\/i>\t\t\t\t\t<\/a>\n\t\t\t\t<\/span>\n\t\t\t\t\t<\/div>\n\t\t\t\t\t\t<\/div>\n\t\t\t\t<\/div>\n\t\t\t\t<\/div>\n\t\t<div class=\"elementor-element elementor-element-5f9c3fe e-flex e-con-boxed wpr-particle-no wpr-jarallax-no wpr-parallax-no wpr-sticky-section-no e-con e-parent\" data-id=\"5f9c3fe\" data-element_type=\"container\">\n\t\t\t\t\t<div class=\"e-con-inner\">\n\t\t\t\t<div class=\"elementor-element elementor-element-c43f4eb exad-sticky-section-no exad-glass-effect-no elementor-widget elementor-widget-spacer\" data-id=\"c43f4eb\" data-element_type=\"widget\" data-widget_type=\"spacer.default\">\n\t\t\t\t<div class=\"elementor-widget-container\">\n\t\t\t\t\t\t\t<div class=\"elementor-spacer\">\n\t\t\t<div class=\"elementor-spacer-inner\"><\/div>\n\t\t<\/div>\n\t\t\t\t\t\t<\/div>\n\t\t\t\t<\/div>\n\t\t\t\t\t<\/div>\n\t\t\t\t<\/div>\n\t\t\t\t<\/div>\n\t\t","protected":false},"excerpt":{"rendered":"<p>Toda la informaci\u00f3n de la comunidad coreana en Argentina Cultura y Eventos Informaci\u00f3n y eventos sobre la cultura coreana en Argentina Ingrese aqu\u00ed \uad50\ubbfc \uc18c\uc2dd \uc544\ub974\ud5e8\ud2f0\ub098 \ud55c\uc778 \uc0ac\ud68c\uc758 \ub300\ud55c \uc815\ubcf4 \uc5ec\uae30\ub97c \ub20c\ub7ec\ubcf4\uc138\uc694 Para m\u00e1s informaci\u00f3n seguinos en nuestras redes sociales Facebook Instagram<\/p>\n","protected":false},"author":1,"featured_media":0,"parent":0,"menu_order":0,"comment_status":"closed","ping_status":"closed","template":"elementor_canvas","meta":{"_themeisle_gutenberg_block_has_review":false,"_joinchat":[],"footnotes":""},"class_list":["post-1211","page","type-page","status-publish","hentry"],"_links":{"self":[{"href":"https:\/\/hanin.org.ar\/index.php?rest_route=\/wp\/v2\/pages\/1211","targetHints":{"allow":["GET"]}}],"collection":[{"href":"https:\/\/hanin.org.ar\/index.php?rest_route=\/wp\/v2\/pages"}],"about":[{"href":"https:\/\/hanin.org.ar\/index.php?rest_route=\/wp\/v2\/types\/page"}],"author":[{"embeddable":true,"href":"https:\/\/hanin.org.ar\/index.php?rest_route=\/wp\/v2\/users\/1"}],"replies":[{"embeddable":true,"href":"https:\/\/hanin.org.ar\/index.php?rest_route=%2Fwp%2Fv2%2Fcomments&post=1211"}],"version-history":[{"count":135,"href":"https:\/\/hanin.org.ar\/index.php?rest_route=\/wp\/v2\/pages\/1211\/revisions"}],"predecessor-version":[{"id":4763,"href":"https:\/\/hanin.org.ar\/index.php?rest_route=\/wp\/v2\/pages\/1211\/revisions\/4763"}],"wp:attachment":[{"href":"https:\/\/hanin.org.ar\/index.php?rest_route=%2Fwp%2Fv2%2Fmedia&parent=1211"}],"curies":[{"name":"wp","href":"https:\/\/api.w.org\/{rel}","templated":true}]}}